{"id":417,"date":"2020-03-03T16:57:19","date_gmt":"2020-03-03T15:57:19","guid":{"rendered":"http:\/\/augenoptik-radloff.de\/?page_id=417"},"modified":"2021-05-19T10:40:45","modified_gmt":"2021-05-19T08:40:45","slug":"begutachtung","status":"publish","type":"page","link":"https:\/\/augenoptik-radloff.de\/index.php\/begutachtung\/","title":{"rendered":"Begutachtung"},"content":{"rendered":"\n<p><b>Optometrische Begutachtung<\/b><\/p>\n\n\n\n<div class=\"alignnormal\"><div id=\"metaslider-id-633\" style=\"width: 100%;\" class=\"ml-slider-3-97-0 metaslider metaslider-flex metaslider-633 ml-slider ms-theme-default\" role=\"region\" aria-roledescription=\"Slideshow\" aria-label=\"Begutachtung\" data-width=\"1200\">\n    <div id=\"metaslider_container_633\">\n        <div id=\"metaslider_633\">\n            <ul class='slides'>\n                <li style=\"display: block; width: 100%;\" class=\"slide-635 ms-image \" aria-roledescription=\"slide\" aria-label=\"slide-635\" data-date=\"2021-05-19 10:05:58\"><img fetchpriority=\"high\" decoding=\"async\" src=\"https:\/\/augenoptik-radloff.de\/wp-content\/uploads\/2020\/01\/IMG_2051-scaled-1200x700.jpg\" height=\"700\" width=\"1200\" alt=\"\" class=\"slider-633 slide-635\" title=\"IMG_2051\" \/><\/li>\n                <li style=\"display: none; width: 100%;\" class=\"slide-638 ms-image \" aria-roledescription=\"slide\" aria-label=\"slide-638\" data-date=\"2021-05-19 10:05:58\"><img decoding=\"async\" src=\"https:\/\/augenoptik-radloff.de\/wp-content\/uploads\/2020\/01\/IMG_2041-scaled-1200x700.jpg\" height=\"700\" width=\"1200\" alt=\"\" class=\"slider-633 slide-638\" title=\"IMG_2041\" \/><\/li>\n                <li style=\"display: none; width: 100%;\" class=\"slide-680 ms-image \" aria-roledescription=\"slide\" aria-label=\"slide-680\" data-date=\"2021-05-19 10:38:11\"><img decoding=\"async\" src=\"https:\/\/augenoptik-radloff.de\/wp-content\/uploads\/2021\/05\/IMG_3280-1200x700.jpg\" height=\"700\" width=\"1200\" alt=\"\" class=\"slider-633 slide-680\" title=\"IMG_3280\" \/><\/li>\n                <li style=\"display: none; width: 100%;\" class=\"slide-681 ms-image \" aria-roledescription=\"slide\" aria-label=\"slide-681\" data-date=\"2021-05-19 10:38:25\"><img loading=\"lazy\" decoding=\"async\" src=\"https:\/\/augenoptik-radloff.de\/wp-content\/uploads\/2021\/05\/IMG_3195-1200x700.jpg\" height=\"700\" width=\"1200\" alt=\"\" class=\"slider-633 slide-681\" title=\"IMG_3195\" \/><\/li>\n                <li style=\"display: none; width: 100%;\" class=\"slide-682 ms-image \" aria-roledescription=\"slide\" aria-label=\"slide-682\" data-date=\"2021-05-19 10:38:39\"><img loading=\"lazy\" decoding=\"async\" src=\"https:\/\/augenoptik-radloff.de\/wp-content\/uploads\/2021\/05\/IMG_3189-1200x700.jpg\" height=\"700\" width=\"1200\" alt=\"\" class=\"slider-633 slide-682\" title=\"IMG_3189\" \/><\/li>\n                <li style=\"display: none; width: 100%;\" class=\"slide-683 ms-image \" aria-roledescription=\"slide\" aria-label=\"slide-683\" data-date=\"2021-05-19 10:38:53\"><img loading=\"lazy\" decoding=\"async\" src=\"https:\/\/augenoptik-radloff.de\/wp-content\/uploads\/2021\/05\/IMG_3147-1200x700.jpg\" height=\"700\" width=\"1200\" alt=\"\" class=\"slider-633 slide-683\" title=\"IMG_3147\" \/><\/li>\n            <\/ul>\n        <\/div>\n        \n    <\/div>\n<\/div><\/div>\n\n\n\n<p>Ihre Augengesundheit ist unser Anspruch! Daher ermitteln wir nicht nur Ihre individuellen Korrektionswerte, sondern stellen fest, ob Anzeichen f\u00fcr Ver\u00e4nderungen am Auge erkennbar sind. Sehverschlechterungen sind oft schleichend und werden h\u00e4ufig erst sehr sp\u00e4t bemerkt. Eine fr\u00fchzeitig erkannte Auff\u00e4lligkeit, kann auch fr\u00fchzeitig vom Facharzt behandelt werden.&nbsp; Die umfassenden optometrischen Leistungen sichern Ihnen die langfristige Gesundheit Ihrer Augen!<\/p>\n\n\n\n<p>Unsere Untersuchungen auf einen Blick:<\/p>\n\n\n\n<ul class=\"wp-block-list\"><li><b>Bedarfsanalyse<\/b><\/li><li><b>Ermittlung der Sehleistung<\/b><\/li><li><b>i.Profiler Messung<\/b><\/li><\/ul>\n\n\n\n<p>Sehst\u00e4rkenbestimmung auf Wellenfrontbasis<\/p>\n\n\n\n<ul class=\"wp-block-list\"><li><b>Messung und Auswertung des Sehens bei Nacht <\/b>(i.Profiler)<\/li><li><b>Funktionspr\u00fcfungen<\/b><\/li><li><b>Refraktion Ferne \/ N\u00e4he<\/b><\/li><li><b>Optimierung&nbsp; des r\u00e4umlichen Sehens<\/b><\/li><li><b>Binokulare Refraktion <\/b><\/li><\/ul>\n\n\n\n<p>MKH Messung bei Winkelfehlsichtigkeit<\/p>\n\n\n\n<ul class=\"wp-block-list\"><li><b>Messung des zentralen Gesichtsfelds (Amslergitter)<\/b><\/li><li><b>Gesichtsfeldmessung mit dem Perimeter <\/b><\/li><li><b>OCT (Optische Koh\u00e4renztomografie)<\/b><\/li><li><b>Augeninnendruckmessung<\/b><\/li><li><b>Augenhintergrundbetrachtung<\/b><\/li><li><b>Messung der Kammerwinkel\u00f6ffnung<\/b><\/li><li><b>Digitale Spaltlampenuntersuchung mit Fotodokumentation<br><\/b><b><\/b><\/li><\/ul>\n\n\n\n<p>Wir nehmen uns f\u00fcr Ihre pers\u00f6nliche Beratung Zeit und freuen uns auf Ihre Terminvereinbarung unter Tel. 0 39 81 \u2013 20 32 56<b><br><\/b><\/p>\n","protected":false},"excerpt":{"rendered":"<p>Optometrische Begutachtung Ihre Augengesundheit ist unser Anspruch! Daher ermitteln wir nicht nur Ihre individuellen Korrektionswerte, sondern stellen fest, ob Anzeichen f\u00fcr Ver\u00e4nderungen am Auge erkennbar sind. Sehverschlechterungen sind oft schleichend und werden h\u00e4ufig erst sehr sp\u00e4t bemerkt. Eine fr\u00fchzeitig erkannte Auff\u00e4lligkeit, kann auch fr\u00fchzeitig vom Facharzt behandelt werden.&nbsp; Die umfassenden optometrischen Leistungen sichern Ihnen die [&hellip;]<\/p>\n","protected":false},"author":1,"featured_media":0,"parent":0,"menu_order":0,"comment_status":"closed","ping_status":"closed","template":"","meta":{"footnotes":""},"class_list":["post-417","page","type-page","status-publish","hentry"],"_links":{"self":[{"href":"https:\/\/augenoptik-radloff.de\/index.php\/wp-json\/wp\/v2\/pages\/417","targetHints":{"allow":["GET"]}}],"collection":[{"href":"https:\/\/augenoptik-radloff.de\/index.php\/wp-json\/wp\/v2\/pages"}],"about":[{"href":"https:\/\/augenoptik-radloff.de\/index.php\/wp-json\/wp\/v2\/types\/page"}],"author":[{"embeddable":true,"href":"https:\/\/augenoptik-radloff.de\/index.php\/wp-json\/wp\/v2\/users\/1"}],"replies":[{"embeddable":true,"href":"https:\/\/augenoptik-radloff.de\/index.php\/wp-json\/wp\/v2\/comments?post=417"}],"version-history":[{"count":16,"href":"https:\/\/augenoptik-radloff.de\/index.php\/wp-json\/wp\/v2\/pages\/417\/revisions"}],"predecessor-version":[{"id":679,"href":"https:\/\/augenoptik-radloff.de\/index.php\/wp-json\/wp\/v2\/pages\/417\/revisions\/679"}],"wp:attachment":[{"href":"https:\/\/augenoptik-radloff.de\/index.php\/wp-json\/wp\/v2\/media?parent=417"}],"curies":[{"name":"wp","href":"https:\/\/api.w.org\/{rel}","templated":true}]}}