{"id":414,"date":"2020-03-03T16:56:59","date_gmt":"2020-03-03T15:56:59","guid":{"rendered":"http:\/\/augenoptik-radloff.de\/?page_id=414"},"modified":"2021-05-19T10:12:51","modified_gmt":"2021-05-19T08:12:51","slug":"augenglasbestimmung","status":"publish","type":"page","link":"https:\/\/augenoptik-radloff.de\/index.php\/augenglasbestimmung\/","title":{"rendered":"Augenglasbestimmung"},"content":{"rendered":"\n<div class=\"alignnormal\"><div id=\"metaslider-id-633\" style=\"width: 100%;\" class=\"ml-slider-3-97-0 metaslider metaslider-flex metaslider-633 ml-slider ms-theme-default\" role=\"region\" aria-roledescription=\"Slideshow\" aria-label=\"Begutachtung\" data-width=\"1200\">\n    <div id=\"metaslider_container_633\">\n        <div id=\"metaslider_633\">\n            <ul class='slides'>\n                <li style=\"display: block; width: 100%;\" class=\"slide-635 ms-image \" aria-roledescription=\"slide\" aria-label=\"slide-635\" data-date=\"2021-05-19 10:05:58\"><img fetchpriority=\"high\" decoding=\"async\" src=\"https:\/\/augenoptik-radloff.de\/wp-content\/uploads\/2020\/01\/IMG_2051-scaled-1200x700.jpg\" height=\"700\" width=\"1200\" alt=\"\" class=\"slider-633 slide-635\" title=\"IMG_2051\" \/><\/li>\n                <li style=\"display: none; width: 100%;\" class=\"slide-638 ms-image \" aria-roledescription=\"slide\" aria-label=\"slide-638\" data-date=\"2021-05-19 10:05:58\"><img decoding=\"async\" src=\"https:\/\/augenoptik-radloff.de\/wp-content\/uploads\/2020\/01\/IMG_2041-scaled-1200x700.jpg\" height=\"700\" width=\"1200\" alt=\"\" class=\"slider-633 slide-638\" title=\"IMG_2041\" \/><\/li>\n                <li style=\"display: none; width: 100%;\" class=\"slide-680 ms-image \" aria-roledescription=\"slide\" aria-label=\"slide-680\" data-date=\"2021-05-19 10:38:11\"><img decoding=\"async\" src=\"https:\/\/augenoptik-radloff.de\/wp-content\/uploads\/2021\/05\/IMG_3280-1200x700.jpg\" height=\"700\" width=\"1200\" alt=\"\" class=\"slider-633 slide-680\" title=\"IMG_3280\" \/><\/li>\n                <li style=\"display: none; width: 100%;\" class=\"slide-681 ms-image \" aria-roledescription=\"slide\" aria-label=\"slide-681\" data-date=\"2021-05-19 10:38:25\"><img loading=\"lazy\" decoding=\"async\" src=\"https:\/\/augenoptik-radloff.de\/wp-content\/uploads\/2021\/05\/IMG_3195-1200x700.jpg\" height=\"700\" width=\"1200\" alt=\"\" class=\"slider-633 slide-681\" title=\"IMG_3195\" \/><\/li>\n                <li style=\"display: none; width: 100%;\" class=\"slide-682 ms-image \" aria-roledescription=\"slide\" aria-label=\"slide-682\" data-date=\"2021-05-19 10:38:39\"><img loading=\"lazy\" decoding=\"async\" src=\"https:\/\/augenoptik-radloff.de\/wp-content\/uploads\/2021\/05\/IMG_3189-1200x700.jpg\" height=\"700\" width=\"1200\" alt=\"\" class=\"slider-633 slide-682\" title=\"IMG_3189\" \/><\/li>\n                <li style=\"display: none; width: 100%;\" class=\"slide-683 ms-image \" aria-roledescription=\"slide\" aria-label=\"slide-683\" data-date=\"2021-05-19 10:38:53\"><img loading=\"lazy\" decoding=\"async\" src=\"https:\/\/augenoptik-radloff.de\/wp-content\/uploads\/2021\/05\/IMG_3147-1200x700.jpg\" height=\"700\" width=\"1200\" alt=\"\" class=\"slider-633 slide-683\" title=\"IMG_3147\" \/><\/li>\n            <\/ul>\n        <\/div>\n        \n    <\/div>\n<\/div><\/div>\n\n\n\n<p>\u201eBesseres Sehen beginnt mit innovativer Technologie. Seien Sie anspruchsvoll.\u201c<\/p>\n\n\n\n<p>Die Voraussetzung f\u00fcr Ihr pr\u00e4zises Sehen liegt in der exakten Untersuchung Ihrer Augen.<\/p>\n\n\n\n<p>Ausgestattet mit den modernsten technischen Ger\u00e4ten, unserem fachlichem Now-How und langj\u00e4hriger Erfahrung garantieren wir Ihnen einen hohen Sehkomfort und klaren Blick mit Ihrer neuen Brille und\/oder Kontaktlinse.<\/p>\n\n\n\n<p>Wir nehmen uns f\u00fcr Ihre pers\u00f6nliche Beratung Zeit und freuen uns auf Ihre Terminvereinbarung unter Tel. 0 39 81 &#8211; 20 32 56<\/p>\n","protected":false},"excerpt":{"rendered":"<p>\u201eBesseres Sehen beginnt mit innovativer Technologie. Seien Sie anspruchsvoll.\u201c Die Voraussetzung f\u00fcr Ihr pr\u00e4zises Sehen liegt in der exakten Untersuchung Ihrer Augen. Ausgestattet mit den modernsten technischen Ger\u00e4ten, unserem fachlichem Now-How und langj\u00e4hriger Erfahrung garantieren wir Ihnen einen hohen Sehkomfort und klaren Blick mit Ihrer neuen Brille und\/oder Kontaktlinse. Wir nehmen uns f\u00fcr Ihre pers\u00f6nliche [&hellip;]<\/p>\n","protected":false},"author":1,"featured_media":0,"parent":0,"menu_order":0,"comment_status":"closed","ping_status":"closed","template":"","meta":{"footnotes":""},"class_list":["post-414","page","type-page","status-publish","hentry"],"_links":{"self":[{"href":"https:\/\/augenoptik-radloff.de\/index.php\/wp-json\/wp\/v2\/pages\/414","targetHints":{"allow":["GET"]}}],"collection":[{"href":"https:\/\/augenoptik-radloff.de\/index.php\/wp-json\/wp\/v2\/pages"}],"about":[{"href":"https:\/\/augenoptik-radloff.de\/index.php\/wp-json\/wp\/v2\/types\/page"}],"author":[{"embeddable":true,"href":"https:\/\/augenoptik-radloff.de\/index.php\/wp-json\/wp\/v2\/users\/1"}],"replies":[{"embeddable":true,"href":"https:\/\/augenoptik-radloff.de\/index.php\/wp-json\/wp\/v2\/comments?post=414"}],"version-history":[{"count":6,"href":"https:\/\/augenoptik-radloff.de\/index.php\/wp-json\/wp\/v2\/pages\/414\/revisions"}],"predecessor-version":[{"id":665,"href":"https:\/\/augenoptik-radloff.de\/index.php\/wp-json\/wp\/v2\/pages\/414\/revisions\/665"}],"wp:attachment":[{"href":"https:\/\/augenoptik-radloff.de\/index.php\/wp-json\/wp\/v2\/media?parent=414"}],"curies":[{"name":"wp","href":"https:\/\/api.w.org\/{rel}","templated":true}]}}