{"id":396,"date":"2020-03-03T16:55:18","date_gmt":"2020-03-03T15:55:18","guid":{"rendered":"http:\/\/augenoptik-radloff.de\/?page_id=396"},"modified":"2021-05-19T10:11:41","modified_gmt":"2021-05-19T08:11:41","slug":"glaeser","status":"publish","type":"page","link":"https:\/\/augenoptik-radloff.de\/index.php\/glaeser\/","title":{"rendered":"Gl\u00e4ser"},"content":{"rendered":"\n<div class=\"alignnormal\"><div id=\"metaslider-id-645\" style=\"width: 100%;\" class=\"ml-slider-3-97-0 metaslider metaslider-flex metaslider-645 ml-slider ms-theme-default\" role=\"region\" aria-roledescription=\"Slideshow\" aria-label=\"Hauptslider\" data-width=\"1200\">\n    <div id=\"metaslider_container_645\">\n        <div id=\"metaslider_645\">\n            <ul class='slides'>\n                <li style=\"display: block; width: 100%;\" class=\"slide-646 ms-image \" aria-roledescription=\"slide\" aria-label=\"slide-646\" data-date=\"2021-05-19 10:10:18\"><img fetchpriority=\"high\" decoding=\"async\" src=\"https:\/\/augenoptik-radloff.de\/wp-content\/uploads\/2020\/01\/IMG_2111-scaled-1200x700.jpg\" height=\"700\" width=\"1200\" alt=\"Optiker Neustrelitz Radloff\" class=\"slider-645 slide-646\" title=\"Optiker Neustrelitz Radloff\" \/><\/li>\n                <li style=\"display: none; width: 100%;\" class=\"slide-647 ms-image \" aria-roledescription=\"slide\" aria-label=\"slide-647\" data-date=\"2021-05-19 10:10:18\"><img decoding=\"async\" src=\"https:\/\/augenoptik-radloff.de\/wp-content\/uploads\/2020\/01\/IMG_2128-scaled-1200x700.jpg\" height=\"700\" width=\"1200\" alt=\"\" class=\"slider-645 slide-647\" title=\"IMG_2128\" \/><\/li>\n                <li style=\"display: none; width: 100%;\" class=\"slide-650 ms-image \" aria-roledescription=\"slide\" aria-label=\"slide-650\" data-date=\"2021-05-19 10:10:18\"><img decoding=\"async\" src=\"https:\/\/augenoptik-radloff.de\/wp-content\/uploads\/2020\/01\/IMG_1956-scaled-1200x700.jpg\" height=\"700\" width=\"1200\" alt=\"\" class=\"slider-645 slide-650\" title=\"IMG_1956\" \/><\/li>\n                <li style=\"display: none; width: 100%;\" class=\"slide-652 ms-image \" aria-roledescription=\"slide\" aria-label=\"slide-652\" data-date=\"2021-05-19 10:10:19\"><img loading=\"lazy\" decoding=\"async\" src=\"https:\/\/augenoptik-radloff.de\/wp-content\/uploads\/2020\/01\/IMG_1978-scaled-1200x700.jpg\" height=\"700\" width=\"1200\" alt=\"\" class=\"slider-645 slide-652\" title=\"IMG_1978\" \/><\/li>\n                <li style=\"display: none; width: 100%;\" class=\"slide-658 ms-image \" aria-roledescription=\"slide\" aria-label=\"slide-658\" data-date=\"2021-05-19 10:10:19\"><img loading=\"lazy\" decoding=\"async\" src=\"https:\/\/augenoptik-radloff.de\/wp-content\/uploads\/2020\/01\/IMG_2001-scaled-1200x700.jpg\" height=\"700\" width=\"1200\" alt=\"\" class=\"slider-645 slide-658\" title=\"IMG_2001\" \/><\/li>\n            <\/ul>\n        <\/div>\n        \n    <\/div>\n<\/div><\/div>\n\n\n\n<p><br>Die hohe Qualit\u00e4t der genauen optometrischen Ermittlung Ihrer individuellen Korrektionswerte f\u00fchren wir in optimal angepassten Brillengl\u00e4sern weiter. Mit dem Ziel, Ihre Sehleistung optimal zu unterst\u00fctzen, um Ihrem individuellem Sehanspruch gerecht zu werden. Als zertifizierter Zeiss Vision Partner steht das Ziel, den Auge \u2013 Linse -Dialog zu optimieren f\u00fcr ein entspannteres, besseres Sehen. Daf\u00fcr nutzen wir hochpr\u00e4zise Zeiss \u2013 Messger\u00e4te, welche exakte Messdaten garantieren. Diese Messdaten erm\u00f6glichen ma\u00dfgeschneiderte Brillenglasl\u00f6sungen.<br>Von der Lieblingssonnenbrille mit der richtigen T\u00f6nung oder den optimalen Brillengl\u00e4sern zum Autofahren, entspannter Brillengl\u00e4ser f\u00fcr Kontaktlinsentr\u00e4gern, Gleitsichtgl\u00e4ser zugeschnitten f\u00fcr Auge + Fassung + Gesicht + pers\u00f6nlicher Lebensstil, der passenden Arbeitsgl\u00e4ser und vieles mehr \u2026. vor Ort beraten wir Sie sehr gern \u00fcber Ihre perfekte Brillenglasl\u00f6sung!<\/p>\n","protected":false},"excerpt":{"rendered":"<p>Die hohe Qualit\u00e4t der genauen optometrischen Ermittlung Ihrer individuellen Korrektionswerte f\u00fchren wir in optimal angepassten Brillengl\u00e4sern weiter. Mit dem Ziel, Ihre Sehleistung optimal zu unterst\u00fctzen, um Ihrem individuellem Sehanspruch gerecht zu werden. Als zertifizierter Zeiss Vision Partner steht das Ziel, den Auge \u2013 Linse -Dialog zu optimieren f\u00fcr ein entspannteres, besseres Sehen. Daf\u00fcr nutzen wir [&hellip;]<\/p>\n","protected":false},"author":1,"featured_media":0,"parent":0,"menu_order":0,"comment_status":"closed","ping_status":"closed","template":"","meta":{"footnotes":""},"class_list":["post-396","page","type-page","status-publish","hentry"],"_links":{"self":[{"href":"https:\/\/augenoptik-radloff.de\/index.php\/wp-json\/wp\/v2\/pages\/396","targetHints":{"allow":["GET"]}}],"collection":[{"href":"https:\/\/augenoptik-radloff.de\/index.php\/wp-json\/wp\/v2\/pages"}],"about":[{"href":"https:\/\/augenoptik-radloff.de\/index.php\/wp-json\/wp\/v2\/types\/page"}],"author":[{"embeddable":true,"href":"https:\/\/augenoptik-radloff.de\/index.php\/wp-json\/wp\/v2\/users\/1"}],"replies":[{"embeddable":true,"href":"https:\/\/augenoptik-radloff.de\/index.php\/wp-json\/wp\/v2\/comments?post=396"}],"version-history":[{"count":5,"href":"https:\/\/augenoptik-radloff.de\/index.php\/wp-json\/wp\/v2\/pages\/396\/revisions"}],"predecessor-version":[{"id":663,"href":"https:\/\/augenoptik-radloff.de\/index.php\/wp-json\/wp\/v2\/pages\/396\/revisions\/663"}],"wp:attachment":[{"href":"https:\/\/augenoptik-radloff.de\/index.php\/wp-json\/wp\/v2\/media?parent=396"}],"curies":[{"name":"wp","href":"https:\/\/api.w.org\/{rel}","templated":true}]}}