{"id":371,"date":"2020-03-02T18:48:04","date_gmt":"2020-03-02T17:48:04","guid":{"rendered":"http:\/\/augenoptik-radloff.de\/?page_id=371"},"modified":"2021-10-11T15:56:28","modified_gmt":"2021-10-11T13:56:28","slug":"zeiss-drive-safe","status":"publish","type":"page","link":"https:\/\/augenoptik-radloff.de\/index.php\/aktuell\/zeiss-drive-safe\/","title":{"rendered":"Zeiss Drive Safe"},"content":{"rendered":"<figure><img decoding=\"async\" src=\"http:\/\/augenoptik-radloff.de\/wp-content\/uploads\/2020\/03\/DriveSafe2019_City_Regenfahrt_BrillenglasShield_300dpi.jpg\" alt=\"DriveSafe2019_City_Regenfahrt_BrillenglasShield_300dpi\" \/><\/figure>\n<figure><\/figure>\n<p>Zur\u00fcck<br \/>\nWeiter<\/p>\n<p>Mit dem Herbst erwartet uns auch wieder die k\u00fchlere Jahreszeit mit Nebel, N\u00e4sse und mehr Dunkelheit. Gute Sicht beim Autofahren ist da nat\u00fcrlich entscheidend. Wir bieten unseren Kunden ZEISS DriveSafe Brillengl\u00e4ser an. Denn damit sind sie im Stra\u00dfenverkehr einfach sicherer unterwegs. Diese speziell entwickelten Brillengl\u00e4ser sind genau die L\u00f6sung, die so viele Autofahrer suchen.<\/p>\n<ul>\n<li>Optimierte Sicht auf Stra\u00dfe, Navi und R\u00fcckspiegel f\u00fcr schnelle, entspannte Blickwechsel<\/li>\n<li>Verbesserte Sicht bei widrigen Lichtverh\u00e4ltnissen<\/li>\n<li>Geringeres Blendungsempfinden bei Gegenverkehr<\/li>\n<li>Und auch f\u00fcr den Alltag geeignet<\/li>\n<\/ul>\n<p>Wir freuen uns \u00fcber Ihr Interesse. Vereinbaren Sie einen Beratungstermin unter Tel. 03981 &#8211; 20 32 56!<\/p>\n","protected":false},"excerpt":{"rendered":"<p>Zur\u00fcck Weiter Mit dem Herbst erwartet uns auch wieder die k\u00fchlere Jahreszeit mit Nebel, N\u00e4sse und mehr Dunkelheit. Gute Sicht beim Autofahren ist da nat\u00fcrlich entscheidend. Wir bieten unseren Kunden ZEISS DriveSafe Brillengl\u00e4ser an. Denn damit sind sie im Stra\u00dfenverkehr einfach sicherer unterwegs. Diese speziell entwickelten Brillengl\u00e4ser sind genau die L\u00f6sung, die so viele Autofahrer [&hellip;]<\/p>\n","protected":false},"author":1,"featured_media":0,"parent":353,"menu_order":0,"comment_status":"closed","ping_status":"closed","template":"","meta":{"footnotes":""},"class_list":["post-371","page","type-page","status-publish","hentry"],"_links":{"self":[{"href":"https:\/\/augenoptik-radloff.de\/index.php\/wp-json\/wp\/v2\/pages\/371","targetHints":{"allow":["GET"]}}],"collection":[{"href":"https:\/\/augenoptik-radloff.de\/index.php\/wp-json\/wp\/v2\/pages"}],"about":[{"href":"https:\/\/augenoptik-radloff.de\/index.php\/wp-json\/wp\/v2\/types\/page"}],"author":[{"embeddable":true,"href":"https:\/\/augenoptik-radloff.de\/index.php\/wp-json\/wp\/v2\/users\/1"}],"replies":[{"embeddable":true,"href":"https:\/\/augenoptik-radloff.de\/index.php\/wp-json\/wp\/v2\/comments?post=371"}],"version-history":[{"count":6,"href":"https:\/\/augenoptik-radloff.de\/index.php\/wp-json\/wp\/v2\/pages\/371\/revisions"}],"predecessor-version":[{"id":711,"href":"https:\/\/augenoptik-radloff.de\/index.php\/wp-json\/wp\/v2\/pages\/371\/revisions\/711"}],"up":[{"embeddable":true,"href":"https:\/\/augenoptik-radloff.de\/index.php\/wp-json\/wp\/v2\/pages\/353"}],"wp:attachment":[{"href":"https:\/\/augenoptik-radloff.de\/index.php\/wp-json\/wp\/v2\/media?parent=371"}],"curies":[{"name":"wp","href":"https:\/\/api.w.org\/{rel}","templated":true}]}}