{"id":146,"date":"2018-02-01T12:38:55","date_gmt":"2018-02-01T11:38:55","guid":{"rendered":"http:\/\/augenoptik-radloff.de\/?page_id=146"},"modified":"2024-05-16T18:22:45","modified_gmt":"2024-05-16T16:22:45","slug":"augenoptik-neustrelitz-augenoptik-mirow","status":"publish","type":"page","link":"https:\/\/augenoptik-radloff.de\/index.php\/augenoptik-radloff\/augenoptik-neustrelitz-augenoptik-mirow\/","title":{"rendered":"Wer wir sind"},"content":{"rendered":"<p>Inmitten der malerischen Mecklenburgischen Kleinseenplatte, mit den historisch gepr\u00e4gten Orten <strong>Neustrelitz und Mirow<\/strong>, freuen wir uns, Sie <strong>seit 1985<\/strong> in unseren R\u00e4umen begr\u00fc\u00dfen zu d\u00fcrfen. Ihr Sehen und Aussehen ist uns eine Herzensangelegenheit. Mit hoher Fachkompetenz, feinf\u00fchliger Beratung und viel Erfahrung verhelfen wir Ihnen zu Ihrer perfekt passenden Brille\/Kontaktlinse.<\/p>\r\n<p>Unsere Mission: <strong>Ihre Augengesundheit ist unser Anspruch!<\/strong><\/p>\r\n\r\n<p><strong>Unser Versprechen an Sie<\/strong><\/p>\r\n\r\n\r\n\r\n<ul class=\"wp-block-list\">\r\n<li>Individuelle augenoptische und optometrische Betreuung und Beratung durch hochqualifiziertes Fachpersonal<\/li>\r\n<li>Kontinuierliche Weiterbildung f\u00fcr Ihre Augengesundheit und Ihren Sehanspruch<\/li>\r\n<li>Modernster Stand der Technik (i.Profiler+, Visufit 1000&#8230;)<\/li>\r\n<li>Premium Partner der Carl Zeiss Vision AG<\/li>\r\n<li>Ausgezeichnet mit dem Zeiss-Relaxed-Vision-Center Qualit\u00e4tsmerkmal<\/li>\r\n<li>Mitglied der optometrischen G\u00fctegemeinschaft e.V.<\/li>\r\n<li>Faires Preis-Leistung Verh\u00e4ltnis<\/li>\r\n<li>Barrierefreier Zugang zu unseren R\u00e4umlichkeiten<\/li>\r\n<li>sehr gute Parkm\u00f6glichkeit<\/li>\r\n<\/ul>\r\n","protected":false},"excerpt":{"rendered":"<p>Inmitten der malerischen Mecklenburgischen Kleinseenplatte, mit den historisch gepr\u00e4gten Orten Neustrelitz und Mirow, freuen wir uns, Sie seit 1985 in unseren R\u00e4umen begr\u00fc\u00dfen zu d\u00fcrfen. Ihr Sehen und Aussehen ist uns eine Herzensangelegenheit. Mit hoher Fachkompetenz, feinf\u00fchliger Beratung und viel Erfahrung verhelfen wir Ihnen zu Ihrer perfekt passenden Brille\/Kontaktlinse. Unsere Mission: Ihre Augengesundheit ist unser [&hellip;]<\/p>\n","protected":false},"author":1,"featured_media":0,"parent":13,"menu_order":0,"comment_status":"closed","ping_status":"closed","template":"","meta":{"footnotes":""},"class_list":["post-146","page","type-page","status-publish","hentry"],"_links":{"self":[{"href":"https:\/\/augenoptik-radloff.de\/index.php\/wp-json\/wp\/v2\/pages\/146","targetHints":{"allow":["GET"]}}],"collection":[{"href":"https:\/\/augenoptik-radloff.de\/index.php\/wp-json\/wp\/v2\/pages"}],"about":[{"href":"https:\/\/augenoptik-radloff.de\/index.php\/wp-json\/wp\/v2\/types\/page"}],"author":[{"embeddable":true,"href":"https:\/\/augenoptik-radloff.de\/index.php\/wp-json\/wp\/v2\/users\/1"}],"replies":[{"embeddable":true,"href":"https:\/\/augenoptik-radloff.de\/index.php\/wp-json\/wp\/v2\/comments?post=146"}],"version-history":[{"count":26,"href":"https:\/\/augenoptik-radloff.de\/index.php\/wp-json\/wp\/v2\/pages\/146\/revisions"}],"predecessor-version":[{"id":737,"href":"https:\/\/augenoptik-radloff.de\/index.php\/wp-json\/wp\/v2\/pages\/146\/revisions\/737"}],"up":[{"embeddable":true,"href":"https:\/\/augenoptik-radloff.de\/index.php\/wp-json\/wp\/v2\/pages\/13"}],"wp:attachment":[{"href":"https:\/\/augenoptik-radloff.de\/index.php\/wp-json\/wp\/v2\/media?parent=146"}],"curies":[{"name":"wp","href":"https:\/\/api.w.org\/{rel}","templated":true}]}}